{"id":26,"date":"2020-03-12T21:11:21","date_gmt":"2020-03-12T20:11:21","guid":{"rendered":"https:\/\/zsetrakowice.pl\/elearning\/?page_id=26"},"modified":"2020-05-06T08:54:21","modified_gmt":"2020-05-06T06:54:21","slug":"kontakt-z-nauczycielami","status":"publish","type":"page","link":"https:\/\/zsetrakowice.pl\/elearning\/kontakt-z-nauczycielami\/","title":{"rendered":"Kontakt z nauczycielami"},"content":{"rendered":"<p>Kontakt z nauczycielami w sprawach zwi\u0105zanych z realizacj\u0105 udost\u0119pnianych tutaj materia\u0142\u00f3w dydaktycznych jest mo\u017cliwy poprzez ich adresy mailowe.<\/p>\n<table style=\"border-collapse: collapse; width: 340pt;\" width=\"453\">\n<colgroup>\n<col style=\"width: 171pt;\" width=\"228\" \/>\n<col style=\"width: 169pt;\" width=\"225\" \/> <\/colgroup>\n<tbody>\n<tr style=\"height: 15.75pt;\">\n<td class=\"xl73\" style=\"width: 171pt; height: 15.75pt;\" width=\"228\" height=\"21\">Adam Dymitroca<\/td>\n<td class=\"xl74\" style=\"width: 169pt;\" width=\"225\">a.dymitroca@zsetrakowice.pl<\/td>\n<\/tr>\n<tr style=\"height: 15.75pt;\">\n<td class=\"xl75\" style=\"height: 15.75pt;\" height=\"21\">Agnieszka Cie\u015bla-Jadach<\/td>\n<td class=\"xl71\">a.ciesla-jadach@zsetrakowice.pl<\/td>\n<\/tr>\n<tr style=\"height: 15.75pt;\">\n<td class=\"xl73\" style=\"height: 15.75pt;\" height=\"21\">Alicja \u0141yp<\/td>\n<td class=\"xl72\">a.lyp@zsetrakowice.pl<\/td>\n<\/tr>\n<tr style=\"height: 15.75pt;\">\n<td class=\"xl75\" style=\"height: 15.75pt;\" height=\"21\">Angelika Kowalczyk<\/td>\n<td class=\"xl71\">a.kowalczyk@zsetrakowice.pl<\/td>\n<\/tr>\n<tr style=\"height: 15.75pt;\">\n<td class=\"xl73\" style=\"height: 15.75pt;\" height=\"21\">Anna Czepiel<\/td>\n<td class=\"xl72\">a.czepiel@zsetrakowice.pl<\/td>\n<\/tr>\n<tr style=\"height: 15.75pt;\">\n<td class=\"xl75\" style=\"height: 15.75pt;\" height=\"21\">Anna Gabriel<\/td>\n<td class=\"xl71\">a.gabriel@zsetrakowice.pl<\/td>\n<\/tr>\n<tr style=\"height: 15.75pt;\">\n<td class=\"xl73\" style=\"height: 15.75pt;\" height=\"21\">Beata Ha\u0142as<\/td>\n<td class=\"xl72\">b.halas@zsetrakowice.pl<\/td>\n<\/tr>\n<tr style=\"height: 15.75pt;\">\n<td class=\"xl75\" style=\"height: 15.75pt;\" height=\"21\">Beata Jadach<\/td>\n<td class=\"xl71\">b.jadach@zsetrakowice.pl<\/td>\n<\/tr>\n<tr style=\"height: 15.75pt;\">\n<td class=\"xl73\" style=\"height: 15.75pt;\" height=\"21\">Beata Kad\u0142ubowska<\/td>\n<td class=\"xl72\">b.kadlubowska@zsetrakowice.pl<\/td>\n<\/tr>\n<tr style=\"height: 15.75pt;\">\n<td class=\"xl75\" style=\"height: 15.75pt;\" height=\"21\">Beata Ko\u015bcielna<\/td>\n<td class=\"xl71\">b.koscielna@zsetrakowice.pl<\/td>\n<\/tr>\n<tr style=\"height: 15.75pt;\">\n<td class=\"xl73\" style=\"height: 15.75pt;\" height=\"21\">Bogus\u0142aw Ku\u017alik<\/td>\n<td class=\"xl72\">b.kuzlik@zsetrakowice.pl<\/td>\n<\/tr>\n<tr style=\"height: 15.75pt;\">\n<td class=\"xl75\" style=\"height: 15.75pt;\" height=\"21\">Bo\u017cena Wieczorek<\/td>\n<td class=\"xl71\">b.wieczorek@zsetrakowice.pl<\/td>\n<\/tr>\n<tr style=\"height: 15.75pt;\">\n<td class=\"xl73\" style=\"height: 15.75pt;\" height=\"21\">Dariusz Urba\u0144ski<\/td>\n<td class=\"xl72\">d.urbanski@zsetrakowice.pl<\/td>\n<\/tr>\n<tr style=\"height: 15.75pt;\">\n<td class=\"xl73\" style=\"height: 15.75pt;\" height=\"21\">Dorota Bia\u0142ek<\/td>\n<td class=\"xl72\">dorota.bialek@zsetrakowice.pl<\/td>\n<\/tr>\n<tr style=\"height: 15.75pt;\">\n<td class=\"xl75\" style=\"height: 15.75pt;\" height=\"21\">Gracjan Heba<\/td>\n<td class=\"xl71\">g.heba@zsetrakowice.pl<\/td>\n<\/tr>\n<tr style=\"height: 15.75pt;\">\n<td class=\"xl73\" style=\"height: 15.75pt;\" height=\"21\">Gra\u017cyna Najmrodzka<\/td>\n<td class=\"xl72\">g.najmrodzka@zsetrakowice.pl<\/td>\n<\/tr>\n<tr style=\"height: 15.75pt;\">\n<td class=\"xl75\" style=\"height: 15.75pt;\" height=\"21\">Irma Wojnicka<\/td>\n<td class=\"xl71\">i.wojnicka@zsetrakowice.pl<\/td>\n<\/tr>\n<tr style=\"height: 15.75pt;\">\n<td class=\"xl73\" style=\"height: 15.75pt;\" height=\"21\">Jakub Kusnierczyk<\/td>\n<td class=\"xl72\">j.kusnierczyk@zsetrakowice.pl<\/td>\n<\/tr>\n<tr style=\"height: 15.75pt;\">\n<td class=\"xl75\" style=\"height: 15.75pt;\" height=\"21\">Jan Czyczerski<\/td>\n<td class=\"xl71\">j.czyczerski@zsetrakowice.pl<\/td>\n<\/tr>\n<tr style=\"height: 15.75pt;\">\n<td class=\"xl75\" style=\"height: 15.75pt;\" height=\"21\">Jan K\u0119dziora<\/td>\n<td class=\"xl71\">j.kedziora@zsetrakowice.pl<\/td>\n<\/tr>\n<tr style=\"height: 15.75pt;\">\n<td class=\"xl73\" style=\"height: 15.75pt;\" height=\"21\">Joanna Ba\u0144kowska<\/td>\n<td class=\"xl72\">j.bankowska@zsetrakowice.pl<\/td>\n<\/tr>\n<tr style=\"height: 15.75pt;\">\n<td class=\"xl75\" style=\"height: 15.75pt;\" height=\"21\">Joanna \u0141ukasik<\/td>\n<td class=\"xl71\">j.lukasik@zsetrakowice.pl<\/td>\n<\/tr>\n<tr style=\"height: 15.75pt;\">\n<td class=\"xl73\" style=\"height: 15.75pt;\" height=\"21\">J\u00f3zef \u0141\u0105cz<\/td>\n<td class=\"xl72\">j.lacz@zsetrakowice.pl<\/td>\n<\/tr>\n<tr style=\"height: 15.75pt;\">\n<td class=\"xl75\" style=\"height: 15.75pt;\" height=\"21\">Justyna Bielecka<\/td>\n<td class=\"xl71\">j.bielecka@zsetrakowice.pl<\/td>\n<\/tr>\n<tr style=\"height: 15.75pt;\">\n<td class=\"xl73\" style=\"height: 15.75pt;\" height=\"21\">Justyna Cie\u015blak<\/td>\n<td class=\"xl72\">j.cieslak@zsetrakowice.pl<\/td>\n<\/tr>\n<tr style=\"height: 15.75pt;\">\n<td class=\"xl75\" style=\"height: 15.75pt;\" height=\"21\">Katarzyna Kuzniar<\/td>\n<td class=\"xl71\">k.kuzniar@zsetrakowice.pl<\/td>\n<\/tr>\n<tr style=\"height: 15.75pt;\">\n<td class=\"xl73\" style=\"height: 15.75pt;\" height=\"21\">Katarzyna Podziemska<\/td>\n<td class=\"xl72\">k.podziemska@zsetrakowice.pl<\/td>\n<\/tr>\n<tr style=\"height: 15.75pt;\">\n<td class=\"xl75\" style=\"height: 15.75pt;\" height=\"21\">Katarzyna W\u00f3jcik<\/td>\n<td class=\"xl71\">k.wojcik@zsetrakowice.pl<\/td>\n<\/tr>\n<tr style=\"height: 15.75pt;\">\n<td class=\"xl73\" style=\"height: 15.75pt;\" height=\"21\">Ma\u0142gorzata Kozdrowska<\/td>\n<td class=\"xl72\">m.kozdrowska@zsetrakowice.pl<\/td>\n<\/tr>\n<tr style=\"height: 15.75pt;\">\n<td class=\"xl75\" style=\"height: 15.75pt;\" height=\"21\">Marek \u0141ukasik<\/td>\n<td class=\"xl71\">m.lukasik@zsetrakowice.pl<\/td>\n<\/tr>\n<tr style=\"height: 15.75pt;\">\n<td class=\"xl73\" style=\"height: 15.75pt;\" height=\"21\">Marek \u0141ukasik<\/td>\n<td class=\"xl72\">marek.lukasik@zsetrakowice.pl<\/td>\n<\/tr>\n<tr style=\"height: 15.75pt;\">\n<td class=\"xl75\" style=\"height: 15.75pt;\" height=\"21\">Maria Cybulska<\/td>\n<td class=\"xl71\">m.cybulska@zsetrakowice.pl<\/td>\n<\/tr>\n<tr style=\"height: 15.75pt;\">\n<td class=\"xl75\" style=\"height: 15.75pt;\" height=\"21\">Ma\u0142gorzata Kulanica<\/td>\n<td class=\"xl71\">m.kulanica@zsetrakowice.pl<\/td>\n<\/tr>\n<tr style=\"height: 15.75pt;\">\n<td class=\"xl73\" style=\"height: 15.75pt;\" height=\"21\">Marianna Zapart<\/td>\n<td class=\"xl72\">m.zapart@zsetrakowice.pl<\/td>\n<\/tr>\n<tr style=\"height: 15.75pt;\">\n<td class=\"xl75\" style=\"height: 15.75pt;\" height=\"21\">Mariola Wasilewska<\/td>\n<td class=\"xl71\">m.wasilewska@zsetrakowice.pl<\/td>\n<\/tr>\n<tr style=\"height: 15.75pt;\">\n<td class=\"xl73\" style=\"height: 15.75pt;\" height=\"21\">Mariusz Chapi\u0144ski<\/td>\n<td class=\"xl72\">m.chapinski@zsetrakowice.pl<\/td>\n<\/tr>\n<tr style=\"height: 15.75pt;\">\n<td class=\"xl75\" style=\"height: 15.75pt;\" height=\"21\">Marta \u017bebrak<\/td>\n<td class=\"xl71\">m.zebrak@zsetrakowice.pl<\/td>\n<\/tr>\n<tr style=\"height: 15.75pt;\">\n<td class=\"xl73\" style=\"height: 15.75pt;\" height=\"21\">Micha\u0142 Marsza\u0142ek<\/td>\n<td class=\"xl72\">m.marszalek@zsetrakowice.pl<\/td>\n<\/tr>\n<tr style=\"height: 15.75pt;\">\n<td class=\"xl75\" style=\"height: 15.75pt;\" height=\"21\">Mieczys\u0142aw J\u00f3zefowicz<\/td>\n<td class=\"xl71\">m.jozefowicz@zsetrakowice.pl<\/td>\n<\/tr>\n<tr style=\"height: 15.75pt;\">\n<td class=\"xl73\" style=\"height: 15.75pt;\" height=\"21\">Miros\u0142aw Listwan<\/td>\n<td class=\"xl72\">m.listwan@zsetrakowice.pl<\/td>\n<\/tr>\n<tr style=\"height: 15.75pt;\">\n<td class=\"xl75\" style=\"height: 15.75pt;\" height=\"21\">Monika Citow<\/td>\n<td class=\"xl71\">m.citow@zsetrakowice.pl<\/td>\n<\/tr>\n<tr style=\"height: 15.75pt;\">\n<td class=\"xl73\" style=\"height: 15.75pt;\" height=\"21\">Olga Olejnik<\/td>\n<td class=\"xl72\">o.olejnik@zsetrakowice.pl<\/td>\n<\/tr>\n<tr style=\"height: 15.75pt;\">\n<td class=\"xl75\" style=\"height: 15.75pt;\" height=\"21\">Pawe\u0142 Jaworski<\/td>\n<td class=\"xl71\">p.jaworski@zsetrakowice.pl<\/td>\n<\/tr>\n<tr style=\"height: 15.75pt;\">\n<td class=\"xl73\" style=\"height: 15.75pt;\" height=\"21\">Piotr Gabriel<\/td>\n<td class=\"xl72\">p.gabriel@zsetrakowice.pl<\/td>\n<\/tr>\n<tr style=\"height: 15.75pt;\">\n<td class=\"xl75\" style=\"height: 15.75pt;\" height=\"21\">Piotr Haftarczyk<\/td>\n<td class=\"xl71\">p.haftarczyk@zsetrakowice.pl<\/td>\n<\/tr>\n<tr style=\"height: 15.75pt;\">\n<td class=\"xl73\" style=\"height: 15.75pt;\" height=\"21\">Piotr \u0141yczek<\/td>\n<td class=\"xl72\">p.lyczek@zsetrakowice.pl<\/td>\n<\/tr>\n<tr style=\"height: 15.75pt;\">\n<td class=\"xl75\" style=\"height: 15.75pt;\" height=\"21\">Renata Chapi\u0144ska<\/td>\n<td class=\"xl71\">r.chapinska@zsetrakowice.pl<\/td>\n<\/tr>\n<tr style=\"height: 15.75pt;\">\n<td class=\"xl73\" style=\"height: 15.75pt;\" height=\"21\">Robert W\u0105drzyk<\/td>\n<td class=\"xl72\">r.wadrzyk@zsetrakowice.pl<\/td>\n<\/tr>\n<tr style=\"height: 15.75pt;\">\n<td class=\"xl75\" style=\"height: 15.75pt;\" height=\"21\">Ryszard J\u0119dral<\/td>\n<td class=\"xl71\">r.jedral@zsetrakowice.pl<\/td>\n<\/tr>\n<tr style=\"height: 15.75pt;\">\n<td class=\"xl73\" style=\"height: 15.75pt;\" height=\"21\">Sebastian Wieczorek<\/td>\n<td class=\"xl72\">s.wieczorek@zsetrakowice.pl<\/td>\n<\/tr>\n<tr style=\"height: 15.75pt;\">\n<td class=\"xl75\" style=\"height: 15.75pt;\" height=\"21\">Teresa Rydzewska<\/td>\n<td class=\"xl71\">t.rydzewska@zsetrakowice.pl<\/td>\n<\/tr>\n<tr style=\"height: 15.75pt;\">\n<td class=\"xl73\" style=\"height: 15.75pt;\" height=\"21\">Tomasz Ha\u0142as<\/td>\n<td class=\"xl72\">t.halas@zsetrakowice.pl<\/td>\n<\/tr>\n<tr style=\"height: 15.75pt;\">\n<td class=\"xl75\" style=\"height: 15.75pt;\" height=\"21\">Weronika Dymitroca<\/td>\n<td class=\"xl71\">w.dymitroca@zsetrakowice.pl<\/td>\n<\/tr>\n<tr style=\"height: 15.75pt;\">\n<td class=\"xl73\" style=\"height: 15.75pt;\" height=\"21\">Wies\u0142aw Bobrowski<\/td>\n<td class=\"xl72\">w.bobrowski@zsetrakowice.pl<\/td>\n<\/tr>\n<tr style=\"height: 15.75pt;\">\n<td class=\"xl75\" style=\"height: 15.75pt;\" height=\"21\">Wiktor Mieszczanowicz<\/td>\n<td class=\"xl71\">w.mieszczanowicz@zsetrakowice.pl<\/td>\n<\/tr>\n<tr style=\"height: 15.75pt;\">\n<td class=\"xl73\" style=\"height: 15.75pt;\" height=\"21\">Wioletta Krzysztofi\u0144ska<\/td>\n<td class=\"xl72\">wioletta.krzysztofinska@zsetrakowice.pl<\/td>\n<\/tr>\n<tr style=\"height: 15.75pt;\">\n<td class=\"xl75\" style=\"height: 15.75pt;\" height=\"21\">Wioletta Krzysztofi\u0144ska<\/td>\n<td class=\"xl71\">w.krzysztofinska@zsetrakowice.pl<\/td>\n<\/tr>\n<tr style=\"height: 15.75pt;\">\n<td class=\"xl73\" style=\"height: 15.75pt;\" height=\"21\">Wojciech Sudo\u0142<\/td>\n<td class=\"xl72\">w.sudol@zsetrakowice.pl<\/td>\n<\/tr>\n<tr style=\"height: 15.75pt;\">\n<td class=\"xl75\" style=\"height: 15.75pt;\" height=\"21\">Zuzanna Ko\u0142odziej<\/td>\n<td class=\"xl71\">z.kolodziej@zsetrakowice.pl<\/td>\n<\/tr>\n<\/tbody>\n<\/table>\n","protected":false},"excerpt":{"rendered":"<p>Kontakt z nauczycielami w sprawach zwi\u0105zanych z realizacj\u0105 udost\u0119pnianych tutaj materia\u0142\u00f3w dydaktycznych jest mo\u017cliwy poprzez ich adresy mailowe. Adam Dymitroca a.dymitroca@zsetrakowice.pl Agnieszka Cie\u015bla-Jadach a.ciesla-jadach@zsetrakowice.pl Alicja \u0141yp a.lyp@zsetrakowice.pl Angelika Kowalczyk a.kowalczyk@zsetrakowice.pl Anna Czepiel a.czepiel@zsetrakowice.pl Anna Gabriel a.gabriel@zsetrakowice.pl Beata Ha\u0142as b.halas@zsetrakowice.pl Beata Jadach b.jadach@zsetrakowice.pl Beata Kad\u0142ubowska b.kadlubowska@zsetrakowice.pl Beata Ko\u015bcielna b.koscielna@zsetrakowice.pl Bogus\u0142aw Ku\u017alik b.kuzlik@zsetrakowice.pl Bo\u017cena Wieczorek b.wieczorek@zsetrakowice.pl Dariusz [&hellip;]<\/p>\n","protected":false},"author":1,"featured_media":0,"parent":0,"menu_order":0,"comment_status":"closed","ping_status":"closed","template":"","meta":[],"_links":{"self":[{"href":"https:\/\/zsetrakowice.pl\/elearning\/wp-json\/wp\/v2\/pages\/26"}],"collection":[{"href":"https:\/\/zsetrakowice.pl\/elearning\/wp-json\/wp\/v2\/pages"}],"about":[{"href":"https:\/\/zsetrakowice.pl\/elearning\/wp-json\/wp\/v2\/types\/page"}],"author":[{"embeddable":true,"href":"https:\/\/zsetrakowice.pl\/elearning\/wp-json\/wp\/v2\/users\/1"}],"replies":[{"embeddable":true,"href":"https:\/\/zsetrakowice.pl\/elearning\/wp-json\/wp\/v2\/comments?post=26"}],"version-history":[{"count":8,"href":"https:\/\/zsetrakowice.pl\/elearning\/wp-json\/wp\/v2\/pages\/26\/revisions"}],"predecessor-version":[{"id":6396,"href":"https:\/\/zsetrakowice.pl\/elearning\/wp-json\/wp\/v2\/pages\/26\/revisions\/6396"}],"wp:attachment":[{"href":"https:\/\/zsetrakowice.pl\/elearning\/wp-json\/wp\/v2\/media?parent=26"}],"curies":[{"name":"wp","href":"https:\/\/api.w.org\/{rel}","templated":true}]}}